{"id":79,"date":"2015-02-09T00:59:27","date_gmt":"2015-02-08T23:59:27","guid":{"rendered":"http:\/\/www.okm.org.pl\/?page_id=79"},"modified":"2021-12-15T20:19:22","modified_gmt":"2021-12-15T19:19:22","slug":"historia-2","status":"publish","type":"page","link":"https:\/\/www.okm.org.pl\/?page_id=79","title":{"rendered":"Historia"},"content":{"rendered":"<p>Historia Olszty\u0144skiego Klubu Motorowego rozpocz\u0119\u0142a si\u0119 w roku 1972. Kilkunastoosobowa grupa zwolennik\u00f3w motoryzacji i zapalonych spo\u0142ecznik\u00f3w postanowi\u0142a powo\u0142a\u0107 Klub Motorowy, kt\u00f3rego g\u0142\u00f3wnym celem mia\u0142oby by\u0107 przede wszystkim bezpiecze\u0144stwo ruchu drogowego w\u015br\u00f3d dzieci i m\u0142odzie\u017cy, ale nie tylko.<\/p>\n<p><a href=\"https:\/\/www.okm.org.pl\/wp-content\/uploads\/2015\/02\/okm2.jpg\"><img loading=\"lazy\" decoding=\"async\" class=\" wp-image-125 alignleft\" src=\"https:\/\/www.okm.org.pl\/wp-content\/uploads\/2015\/02\/okm2.jpg\" alt=\"okm2\" width=\"381\" height=\"255\" srcset=\"https:\/\/www.okm.org.pl\/wp-content\/uploads\/2015\/02\/okm2.jpg 500w, https:\/\/www.okm.org.pl\/wp-content\/uploads\/2015\/02\/okm2-300x201.jpg 300w\" sizes=\"auto, (max-width: 381px) 100vw, 381px\" \/><\/a>W zamys\u0142ach by\u0142o r\u00f3wnie\u017c organizowanie i popularyzowanie sportu motocyklowego i samochodowego oraz turystyki motorowej.<\/p>\n<p>Dzi\u0119ki przychylnej postawie w\u0142adz Wojew\u00f3dzkich i Miejskich oraz poparciu Zarz\u0105du Okr\u0119gowego, w dniu 19 lipca 1977r. Obecny Klub zosta\u0142 wpisany do rejestru S\u0105du pod pozycj\u0105 27 i uzyska\u0142 osobowo\u015b\u0107 prawn\u0105.<br \/>\nDecyzj\u0105 Zarz\u0105du Okr\u0119gu P.Z.M. w dniu 18.05.1977r. Klub zostaje cz\u0142onkiem nadzwyczajnym, a w dniu 11.11.1987r. cz\u0142onkiem zwyczajnym Z.O.P.Z.M.<br \/>\nDzi\u0119ki sprzyjaj\u0105cym warunkom i szeroko prowadzonej akcji reklamowej ju\u017c w pa\u017adzierniku Klub liczy\u0142 oko\u0142o 700 cz\u0142onk\u00f3w i wtedy to, w dniu 11.10.1977r. Zosta\u0142o zwo\u0142ane I Walne Zgromadzenie, na kt\u00f3rym uchwalono Statut Klubu, wybrano I Zarz\u0105dKlubu i przyj\u0119to plan pracy.<\/p>\n<p><b><br \/>\nNA DROGACH BEZPIECZNIEJ<\/b><\/p>\n<p>To has\u0142o Klubu, kt\u00f3re nam przy\u015bwieca. Komisja B.R.D. Zajmuje si\u0119 sprawami bezpiecze\u0144stwa od powstania klubu. W czasie ponad 36 lat przeprowadzono oko\u0142o 2800 <a href=\"https:\/\/www.okm.org.pl\/wp-content\/uploads\/2015\/02\/okm1.jpg\"><img loading=\"lazy\" decoding=\"async\" class=\" wp-image-124 alignright\" src=\"https:\/\/www.okm.org.pl\/wp-content\/uploads\/2015\/02\/okm1-300x200.jpg\" alt=\"okm1\" width=\"372\" height=\"248\" srcset=\"https:\/\/www.okm.org.pl\/wp-content\/uploads\/2015\/02\/okm1-300x200.jpg 300w, https:\/\/www.okm.org.pl\/wp-content\/uploads\/2015\/02\/okm1.jpg 500w\" sizes=\"auto, (max-width: 372px) 100vw, 372px\" \/><\/a>spotka\u0144, szkole\u0144 w kt\u00f3rych uczestniczy\u0142o ponad 40000 m\u0142odzie\u017cy i os\u00f3b doros\u0142ych. Zorganizowano prawie 300 pr\u00f3b sprawno\u015bciowych dla oko\u0142o 3500 uczestnik\u00f3w. Przeszkolonych do dnia dzisiejszego prawie 500 ratownik\u00f3w drogowych.<\/p>\n<p>W okresie swojego istnienia Olszty\u0144ski Klub Motorowy zorganizowa\u0142 mn\u00f3stwo imprez sportowych, jednak najwi\u0119cej ze wszystkich to popularne dzi\u015b KJSy prawie 700 zawod\u00f3w, w kt\u00f3rych uczestniczy\u0142o oko\u0142o 25000 zawodnik\u00f3w.<\/p>\n<p>W pocz\u0105tkowych latach istnienia Klub by\u0142 organizatorem kilku Cross\u00f3w, w kt\u00f3rych uczestniczy\u0142o oko\u0142o 350 zawodnik\u00f3w. OKM przez kilka lat organizowa\u0142 r\u00f3wnie\u017c zwody Kartingowe, tu prym wi\u00f3d\u0142 kol. Zbigniew Zieli\u0144ski pomys\u0142odawca i g\u0142\u00f3wny organizator. Zorganizowano 110 imprez, w kt\u00f3rych uczestniczy\u0142o prawie 5000 zawodnik\u00f3w.<\/p>\n<p><b>MISTRZOWIE ZA KIEROWNIC\u0104<\/b><\/p>\n<p><a href=\"https:\/\/www.okm.org.pl\/wp-content\/uploads\/2015\/02\/okm4.jpg\"><img loading=\"lazy\" decoding=\"async\" class=\" wp-image-126 size-full aligncenter\" src=\"https:\/\/www.okm.org.pl\/wp-content\/uploads\/2015\/02\/okm4.jpg\" alt=\"okm4\" width=\"500\" height=\"282\" srcset=\"https:\/\/www.okm.org.pl\/wp-content\/uploads\/2015\/02\/okm4.jpg 500w, https:\/\/www.okm.org.pl\/wp-content\/uploads\/2015\/02\/okm4-300x169.jpg 300w\" sizes=\"auto, (max-width: 500px) 100vw, 500px\" \/><\/a>Mo\u017cemy si\u0119 nieskromnie pochwali\u0107, \u017ce tacy Mistrzowie jak Marian Bublewicz, Krzysztof Ho\u0142owczyc, Bohdan Ludwiczak, Krzysztof Szeszko, Zbigniew Staniszewski, a tak\u017ce Bogdan Myd\u0142o, Karol Machaj, Eligiusz Klemm i wielu wielu innych stawia\u0142o pierwsze kroki w Olszty\u0144skim Klubie Motorowym. Wychowanych zosta\u0142o wielu komisarzy sportowych, kt\u00f3rzy p\u00f3\u017aniej obs\u0142ugiwali KJSy, Rajdy Okr\u0119gowe, Rajdy Strefowe, Rajd Kormoran, Rajd Polski a\u017c do eliminacji Mistrzostw Europy.<\/p>\n<p>Tekst: Jerzy Borowski<\/p>\n<p>&nbsp;<\/p>\n<p>&nbsp;<\/p>\n<p>&nbsp;<\/p>\n<p><b>MARIAN BUBLEWICZ<\/b><\/p>\n<p><a href=\"https:\/\/www.okm.org.pl\/wp-content\/uploads\/2015\/02\/bubel01.jpg\"><img loading=\"lazy\" decoding=\"async\" class=\" size-medium wp-image-118 alignleft\" src=\"https:\/\/www.okm.org.pl\/wp-content\/uploads\/2015\/02\/bubel01-200x300.jpg\" alt=\"bubel01\" width=\"200\" height=\"300\"><\/a>Niezapomniany mistrz, rajdowa legenda, dla wielu autorytet po dzi\u015b dzie\u0144, 6-krotny Mistrz Polski i Wicemistrz Europy w rajdach samochodowych &#8211; Marian Grzegorz Bublewicz. Swoj\u0105 przygod\u0119 z motorsportem rozpocz\u0105\u0142 na motocyklu crossowym, lecz gdy uleg\u0142 powa\u017cnemu wypadkowi, przesiad\u0142 si\u0119 na sta\u0142e na &#8222;cztery k\u00f3\u0142ka&#8221;. Starty w rajdach zaczyna\u0142 na Fiacie 125p, kt\u00f3rym na co dzie\u0144 je\u017adzi\u0142 jako &#8222;taryfa&#8221;. Pierwsze zwyci\u0119stwo w Mistrzostwach Polski odni\u00f3s\u0142 na 30. Rajdzie Wis\u0142y w 1982 roku za kierownic\u0105 Opla Kadetta 2000 z Januszem Wojtyn\u0105 na prawym fotelu. Warto wspomnie\u0107 te\u017c innego kierowc\u0119 z naszego regionu &#8211; Andrzeja Kleina (do dzi\u015b aktywny w rajdowym \u015bwiecie), z kt\u00f3rym &#8222;Bubel&#8221; stoczy\u0142 zaci\u0119t\u0105 walk\u0119 podczas Rajdu o Puchar Automobilklubu Warszawskiego w 1982r, obaj jechali na Oplach Kadettach GTE.<a href=\"https:\/\/www.okm.org.pl\/wp-content\/uploads\/2015\/02\/bubel02.jpg\"><img loading=\"lazy\" decoding=\"async\" class=\" wp-image-119 alignright\" src=\"https:\/\/www.okm.org.pl\/wp-content\/uploads\/2015\/02\/bubel02-300x200.jpg\" alt=\"bubel02\" width=\"327\" height=\"218\" srcset=\"https:\/\/www.okm.org.pl\/wp-content\/uploads\/2015\/02\/bubel02-300x200.jpg 300w, https:\/\/www.okm.org.pl\/wp-content\/uploads\/2015\/02\/bubel02.jpg 500w\" sizes=\"auto, (max-width: 327px) 100vw, 327px\" \/><\/a><\/p>\n<p>Kolejne lata start\u00f3w Mariana to FSO Polonez 2000 i do\u0142\u0105czenie do fabrycznego zespo\u0142u OBRSO (O\u015brodek Badawczo-Rozwojowy Samochod\u00f3w Osobowych). Jako jeden z nielicznych prowadzi\u0142 s\u0142ynnego Stratopoloneza z silnikiem Ferrari. W latach 1984-87 w eliminacjach RSMP startowa\u0142 mi\u0119dzy innymi Polonezem grupy B, kt\u00f3rego wierna replika znajduje si\u0119 w Olsztynie, a jej w\u0142a\u015bciciel Marcin Derewo\u0144ko startuje ni\u0105 co roku w wielu imprezach motoryzacyjnych. Bublewicz je\u017adzi\u0142 r\u00f3wnie\u017c za kierownic\u0105 Polonez\u00f3w w innych specyfikacjach, takich jak Polonez 2000 Turbo, Turbo Coupe czy 1600 gr.A.<\/p>\n<p>W 1988r. przesiad\u0142 si\u0119 do Mazdy 323 4WD. Jako \u017ce Marian wychowa\u0142 si\u0119 na autach z nap\u0119dem na tylne ko\u0142a, nie do ko\u0144ca le\u017ca\u0142o mu przeniesienie nap\u0119du 50 na 50 i podczas Rajdu Kormoran w 1988r. drugiego dnia zmaga\u0144, odpi\u0105\u0142 przedni nap\u0119d w swojej Ma\u017adzie ostatecznie wygrywaj\u0105c rajd z przewag\u0105 2 sekund nad za\u0142og\u0105 Andrzej Koper \/ Krzysztof G\u0119borys na Renault 11 Turbo.<\/p>\n<p>Pocz\u0105tek lat 90-tych to stworzenie pierwszego profesjonalnego zespo\u0142u rajdowego Marlboro Rally Team Poland i chyba najcz\u0119\u015bciej kojarzone z Bublewiczem auto &#8211; Ford Sierra Cosworth. W kraju na nawierzchniach asfaltowych startowa\u0142 g\u0142\u00f3wnie trzydrzwiow\u0105 Sierr\u0105 RS Cosworth RWD z Ryszardem \u017byszkowskim, w kt\u00f3rej odnosi\u0142 zwyci\u0119stwa w rajdach Elmot, Krakowskim, Wis\u0142y czy w Festiwalowym. W rajdach szutrowych i zagranicznych startowa\u0142 Fordem Sierra Cosworth 4&#215;4 (przeniesienie nap\u0119du 36:64). To w nim odni\u00f3s\u0142 najwi\u0119cej sukces\u00f3w, znalaz\u0142 si\u0119 na upragnionym podium Rajdu Polski, a w sezonie 1992 z Grzegorzem Gacem zdoby\u0142 tytu\u0142 Wicemistrza Europy. Marian bardzo solidnie przygotowywa\u0142 si\u0119 do sezonu 93. Mia\u0142 zaprezentowa\u0107 now\u0105 bro\u0144 Forda czyli Escorta Cosworth.<\/p>\n<p><a href=\"https:\/\/www.okm.org.pl\/wp-content\/uploads\/2015\/02\/bubel03.jpg\"><img loading=\"lazy\" decoding=\"async\" class=\"aligncenter wp-image-120 size-full\" src=\"https:\/\/www.okm.org.pl\/wp-content\/uploads\/2015\/02\/bubel03.jpg\" alt=\"bubel03\" width=\"500\" height=\"334\" srcset=\"https:\/\/www.okm.org.pl\/wp-content\/uploads\/2015\/02\/bubel03.jpg 500w, https:\/\/www.okm.org.pl\/wp-content\/uploads\/2015\/02\/bubel03-300x200.jpg 300w\" sizes=\"auto, (max-width: 500px) 100vw, 500px\" \/><\/a>IX Zimowy Rajd Dolno\u015bl\u0105ski 1993, &#8222;Bubel&#8221; na starcie pojawia si\u0119 w po\u017cyczonym od Patricka Snijersa Fordzie Sierra Cosworth 4&#215;4 (rozk\u0142ad nap\u0119d\u00f3w 50:50). Jego nowy Escort nie zosta\u0142 z\u0142o\u017cony na czas. Bublewicz w tym rajdzie triumfowa\u0142 7-mio krotnie, a odcinki specjalne zna\u0142 niemal\u017ce na pami\u0119\u0107. Podczas tego rajdu mia\u0142 powa\u017cnych rywali &#8211; zesp\u00f3\u0142 Toyoty z kierowcami Paw\u0142em Przybylskim i Markiem Gieruszczakiem. Marian nie odpuszcza i chce za wszelk\u0105 cen\u0119 po raz kolejny stan\u0105\u0107 na najwy\u017cszym stopniu podium. Pi\u0105ty odcinek specjalny Or\u0142owiec-Z\u0142oty Stok, nieca\u0142e 2 kilometry od startu \u017byszkowski dyktuje &#8222;hamowanie prawy trzy wyj\u015bcie lewy pe\u0142ny&#8221;, bia\u0142o-jarzeniowa Sierra uderza przednimi lewymi drzwiami w przydro\u017cne drzewo. Samoch\u00f3d dos\u0142ownie owin\u0105\u0142 si\u0119 w ok\u00f3\u0142 niego. Bublewicz po przetransportowaniu do szpitala na skutek odniesionych wewn\u0119trznych obra\u017ce\u0144 zmar\u0142.<\/p>\n<p>Marian Bublewicz mawia\u0142: &#8222;Trzeba d\u0105\u017cy\u0107 do celu, cho\u0107by inni w jego realizacj\u0119 w\u0105tpili. <a href=\"https:\/\/www.okm.org.pl\/wp-content\/uploads\/2015\/02\/bubel04.jpg\"><img loading=\"lazy\" decoding=\"async\" class=\" wp-image-121 alignright\" src=\"https:\/\/www.okm.org.pl\/wp-content\/uploads\/2015\/02\/bubel04-300x269.jpg\" alt=\"bubel04\" width=\"320\" height=\"287\" srcset=\"https:\/\/www.okm.org.pl\/wp-content\/uploads\/2015\/02\/bubel04-300x269.jpg 300w, https:\/\/www.okm.org.pl\/wp-content\/uploads\/2015\/02\/bubel04.jpg 500w\" sizes=\"auto, (max-width: 320px) 100vw, 320px\" \/><\/a>Najwa\u017cniejsze to mocno w siebie wierzy\u0107 i mie\u0107 sw\u00f3j plan&#8221;. Stworzenie profesjonalnego teamu i zdobyty tytu\u0142 Wicemistrza Europy tylko potwierdz\u0105 jego s\u0142owa. Rajdy samochodowe traktowa\u0142 jak sw\u00f3j zaw\u00f3d (taki te\u017c wpis mia\u0142 w dowodzie osobistym). By\u0142 dealerem Nissana i prowadzi\u0142 w\u0142asny warsztat samochodowy w Olsztynie. Kibice darzyli go wielk\u0105 sympati\u0105, a sam wielu kierowcom rajdowym udziela\u0142 rad, wskaz\u00f3wek i dodawa\u0142 wiary w siebie. Zawsze u\u015bmiechni\u0119ty, wyj\u0105tkowy cz\u0142owiek, profesjonalista, Mistrz. &#8222;Je\u015bli kierowca rajdowy prze\u017cyje sezon bez wypadku to za wolno je\u017adzi, bo nie przekroczy\u0142 granic swoich mo\u017cliwo\u015bci. Mam szcz\u0119\u015bcie i my\u015bl\u0119, \u017ce mnie nie opu\u015bci&#8221;.<\/p>\n<p>Tekst: Artur Kusto<br \/>\nZdj\u0119cia: archiwum Beaty Bublewicz, Leszek Ku\u015bmirek, Artur Kusto<\/p>\n<p><iframe loading=\"lazy\" width=\"700\" height=\"394\" src=\"https:\/\/www.youtube.com\/embed\/3vf5vpaqhdE?feature=oembed\" frameborder=\"0\" allow=\"accelerometer; autoplay; clipboard-write; encrypted-media; gyroscope; picture-in-picture\" allowfullscreen><\/iframe><\/p>\n<p><iframe loading=\"lazy\" width=\"700\" height=\"394\" src=\"https:\/\/www.youtube.com\/embed\/LktMt8jNQyE?feature=oembed\" frameborder=\"0\" allow=\"accelerometer; autoplay; clipboard-write; encrypted-media; gyroscope; picture-in-picture\" allowfullscreen><\/iframe><\/p>\n<p><a href=\"https:\/\/www.okm.org.pl\/wp-content\/uploads\/2015\/02\/bubelB1.jpg\"><img loading=\"lazy\" decoding=\"async\" class=\"alignnone wp-image-123 size-full\" src=\"https:\/\/www.okm.org.pl\/wp-content\/uploads\/2015\/02\/bubelB1.jpg\" alt=\"bubelB1\" width=\"920\" height=\"3000\" srcset=\"https:\/\/www.okm.org.pl\/wp-content\/uploads\/2015\/02\/bubelB1.jpg 920w, https:\/\/www.okm.org.pl\/wp-content\/uploads\/2015\/02\/bubelB1-92x300.jpg 92w, https:\/\/www.okm.org.pl\/wp-content\/uploads\/2015\/02\/bubelB1-314x1024.jpg 314w\" sizes=\"auto, (max-width: 920px) 100vw, 920px\" \/><\/a><\/p>\n","protected":false},"excerpt":{"rendered":"<p>Historia Olszty\u0144skiego Klubu Motorowego rozpocz\u0119\u0142a si\u0119 w roku 1972. Kilkunastoosobowa grupa zwolennik\u00f3w motoryzacji i zapalonych spo\u0142ecznik\u00f3w postanowi\u0142a powo\u0142a\u0107 Klub Motorowy, kt\u00f3rego g\u0142\u00f3wnym celem mia\u0142oby by\u0107 przede wszystkim bezpiecze\u0144stwo ruchu drogowego w\u015br\u00f3d dzieci i m\u0142odzie\u017cy, ale nie tylko. W zamys\u0142ach by\u0142o r\u00f3wnie\u017c organizowanie i popularyzowanie sportu motocyklowego i samochodowego oraz turystyki motorowej. Dzi\u0119ki przychylnej postawie w\u0142adz&hellip;<\/p>\n","protected":false},"author":1,"featured_media":0,"parent":0,"menu_order":0,"comment_status":"open","ping_status":"open","template":"","meta":{"ngg_post_thumbnail":0,"footnotes":""},"class_list":["post-79","page","type-page","status-publish","hentry"],"_links":{"self":[{"href":"https:\/\/www.okm.org.pl\/index.php?rest_route=\/wp\/v2\/pages\/79","targetHints":{"allow":["GET"]}}],"collection":[{"href":"https:\/\/www.okm.org.pl\/index.php?rest_route=\/wp\/v2\/pages"}],"about":[{"href":"https:\/\/www.okm.org.pl\/index.php?rest_route=\/wp\/v2\/types\/page"}],"author":[{"embeddable":true,"href":"https:\/\/www.okm.org.pl\/index.php?rest_route=\/wp\/v2\/users\/1"}],"replies":[{"embeddable":true,"href":"https:\/\/www.okm.org.pl\/index.php?rest_route=%2Fwp%2Fv2%2Fcomments&post=79"}],"version-history":[{"count":9,"href":"https:\/\/www.okm.org.pl\/index.php?rest_route=\/wp\/v2\/pages\/79\/revisions"}],"predecessor-version":[{"id":14718,"href":"https:\/\/www.okm.org.pl\/index.php?rest_route=\/wp\/v2\/pages\/79\/revisions\/14718"}],"wp:attachment":[{"href":"https:\/\/www.okm.org.pl\/index.php?rest_route=%2Fwp%2Fv2%2Fmedia&parent=79"}],"curies":[{"name":"wp","href":"https:\/\/api.w.org\/{rel}","templated":true}]}}