{"id":57,"date":"2015-02-08T23:00:12","date_gmt":"2015-02-08T23:00:12","guid":{"rendered":"http:\/\/www.okm.org.pl\/?page_id=57"},"modified":"2024-10-23T18:32:40","modified_gmt":"2024-10-23T17:32:40","slug":"zarzad-klubu","status":"publish","type":"page","link":"https:\/\/www.okm.org.pl\/?page_id=57","title":{"rendered":"Zarz\u0105d klubu"},"content":{"rendered":"<div id=\"left\">\n<h2 class=\"text\">Sk\u0142ad Zarz\u0105du od 19 wrze\u015bnia 2022.<\/h2>\n<div class=\"text\">\n<table style=\"border-collapse: collapse; width: 88.5714%; height: 195px;\" border=\"1\">\n<tbody>\n<tr>\n<td style=\"width: 100%;\"><span style=\"font-size: 12pt;\">1. Rafa\u0142 Radzymi\u0144ski &#8211; prezes&nbsp;tel. +48 501 177 440<\/span><\/td>\n<\/tr>\n<tr>\n<td style=\"width: 100%;\"><span style=\"font-size: 12pt;\">2. Dariusz Grabarczyk &#8211; wiceprezes<\/span><\/td>\n<\/tr>\n<tr>\n<td style=\"width: 100%;\"><span style=\"font-size: 12pt;\">3. Dariusz Konieczka &#8211; sekretarz<\/span><\/td>\n<\/tr>\n<tr>\n<td style=\"width: 100%;\"><span style=\"font-size: 12pt;\">4. Leszek Wi\u015bniewski &#8211; skarbnik<\/span><\/td>\n<\/tr>\n<tr>\n<td style=\"width: 100%;\"><span style=\"font-size: 12pt;\">5. Kamil Karpi\u0144ski &#8211; cz\u0142onek zarz\u0105du<\/span><\/td>\n<\/tr>\n<\/tbody>\n<\/table>\n<\/div>\n<\/div>\n<div class=\"text\">\n<h2>Komisja Rewizyjna<\/h2>\n<table style=\"width: 623px;\">\n<tbody>\n<tr style=\"height: 21px;\">\n<td style=\"width: 603px; height: 21px;\"><span style=\"font-size: 12pt;\">1. Andrzej Olkowski &#8211; przewodnicz\u0105cy<\/span><\/td>\n<\/tr>\n<tr style=\"height: 21px;\">\n<td style=\"width: 603px; height: 21px;\"><span style=\"font-size: 12pt;\">2. Dariusz Ptak &#8211; wiceprzewodnicz\u0105cy<\/span><\/td>\n<\/tr>\n<tr style=\"height: 21px;\">\n<td style=\"width: 603px; height: 21px;\"><span style=\"font-size: 12pt;\">3. Pawe\u0142 Borzymowski &#8211; sekretarz<\/span><\/td>\n<\/tr>\n<\/tbody>\n<\/table>\n<p>&nbsp;<\/p>\n<\/div>\n","protected":false},"excerpt":{"rendered":"<p>Sk\u0142ad Zarz\u0105du od 19 wrze\u015bnia 2022. 1. Rafa\u0142 Radzymi\u0144ski &#8211; prezes&nbsp;tel. +48 501 177 440 2. Dariusz Grabarczyk &#8211; wiceprezes 3. Dariusz Konieczka &#8211; sekretarz 4. Leszek Wi\u015bniewski &#8211; skarbnik 5. Kamil Karpi\u0144ski &#8211; cz\u0142onek zarz\u0105du Komisja Rewizyjna 1. Andrzej Olkowski &#8211; przewodnicz\u0105cy 2. Dariusz Ptak &#8211; wiceprzewodnicz\u0105cy 3. Pawe\u0142 Borzymowski &#8211; sekretarz &nbsp;<\/p>\n","protected":false},"author":1,"featured_media":0,"parent":0,"menu_order":0,"comment_status":"open","ping_status":"open","template":"","meta":{"ngg_post_thumbnail":0,"footnotes":""},"class_list":["post-57","page","type-page","status-publish","hentry"],"_links":{"self":[{"href":"https:\/\/www.okm.org.pl\/index.php?rest_route=\/wp\/v2\/pages\/57","targetHints":{"allow":["GET"]}}],"collection":[{"href":"https:\/\/www.okm.org.pl\/index.php?rest_route=\/wp\/v2\/pages"}],"about":[{"href":"https:\/\/www.okm.org.pl\/index.php?rest_route=\/wp\/v2\/types\/page"}],"author":[{"embeddable":true,"href":"https:\/\/www.okm.org.pl\/index.php?rest_route=\/wp\/v2\/users\/1"}],"replies":[{"embeddable":true,"href":"https:\/\/www.okm.org.pl\/index.php?rest_route=%2Fwp%2Fv2%2Fcomments&post=57"}],"version-history":[{"count":35,"href":"https:\/\/www.okm.org.pl\/index.php?rest_route=\/wp\/v2\/pages\/57\/revisions"}],"predecessor-version":[{"id":15193,"href":"https:\/\/www.okm.org.pl\/index.php?rest_route=\/wp\/v2\/pages\/57\/revisions\/15193"}],"wp:attachment":[{"href":"https:\/\/www.okm.org.pl\/index.php?rest_route=%2Fwp%2Fv2%2Fmedia&parent=57"}],"curies":[{"name":"wp","href":"https:\/\/api.w.org\/{rel}","templated":true}]}}