{"id":513,"date":"2020-01-14T20:44:23","date_gmt":"2020-01-14T19:44:23","guid":{"rendered":"http:\/\/www.okm.org.pl\/?page_id=513"},"modified":"2026-04-20T08:01:23","modified_gmt":"2026-04-20T07:01:23","slug":"kalendarz-2016","status":"publish","type":"page","link":"https:\/\/www.okm.org.pl\/?page_id=513","title":{"rendered":"Kalendarz 2026"},"content":{"rendered":"\n<h3><strong>Zaplanowane wydarzenia na sezon 2026:<\/strong><\/h3>\n\n\n\n<figure class=\"wp-block-table is-style-stripes\"><table><tbody><tr><td class=\"has-text-align-center\" data-align=\"center\"><strong>25 kwietnia (sobota)<\/strong><\/td><td class=\"has-text-align-left\" data-align=\"left\">Rajd Sonetta \u2013 jedziemy go\u015bcinnie do Szczytna, gdzie b\u0119dzie fina\u0142 Rajdu Sonetta i innych klasycznych Saab\u00f3w. Na placu Juranda b\u0119dzie pokaz elegancji i konkursy. My, z naszymi klasykami, stworzymy stref\u0119 \u201eaut towarzysz\u0105cych\u201d. Przybywamy do Szczytna do godz. 14. koniec godz. 17.<\/td><\/tr><tr><td class=\"has-text-align-center\" data-align=\"center\"><strong>26 kwietnia (niedziela)<\/strong><\/td><td class=\"has-text-align-left\" data-align=\"left\">debiut naszego sezonu podczas Moto Festivalu \u2013 Grand Prix Polski \u00bc mili. Tradycyjnie ju\u017c tworzymy nasz\u0105 klasykow\u0105 stref\u0119, no i zn\u00f3w b\u0119dziemy mie\u0107 mo\u017cliwo\u015b\u0107 wystartowania z pomiarem czasu na \u00bc mili. Impreza startuje o godz. 10, ale ch\u0119tni do startu powinni by\u0107 najp\u00f3\u017aniej o godz. 9.30. Wst\u0119p na imprez\u0119 jest p\u0142atny, ale klubowicze OKM, po okazaniu wa\u017cnej legitymacji, maj\u0105 wjazd bezp\u0142atny.<\/td><\/tr><tr><td class=\"has-text-align-center\" data-align=\"center\"><strong>1 maj\u0105<\/strong> <strong>(pi\u0105tek) <\/strong><\/td><td class=\"has-text-align-left\" data-align=\"left\">jedziemy na retro maj\u00f3wk\u0119 do Dobrego Miasta. Spotykamy si\u0119 o godz. 14 pod skansenem miejskim (ul. Sowi\u0144skiego 5), tu\u017c obok s\u0142ynnej Baszty Bocianiej. O godz. 15 zagra koncert D\u017cem Cover Band, b\u0119dzie ma\u0142e co nieco do przek\u0105szenia, zrobimy parad\u0119 po mie\u015bcie i o godz. 17. finiszujemy.<\/td><\/tr><tr><td class=\"has-text-align-center\" data-align=\"center\"><strong>4-5 czerwca<\/strong><br><strong>(czwartek-pi\u0105tek) <\/strong><\/td><td class=\"has-text-align-left\" data-align=\"left\">jedziemy do Miko\u0142ajek towarzyszy\u0107 ciekawemu wydarzeniu \u2013 w miejscu Rajdu Polski b\u0119dzie Miko\u0142ajki Classic Rally. Impreza \u015bci\u0105gnie klasyczne rajd\u00f3wki, wi\u0119c w porozumieniu z organizatorami utworzymy atrakcj\u0119 z klasykami (mile widziane kultowe sporciaki, repliki rajdowe i og\u00f3lny klimat retro).<\/td><\/tr><tr><td class=\"has-text-align-center\" data-align=\"center\"><strong>11-14 czerwca (czwartek-niedziela)<\/strong><\/td><td class=\"has-text-align-left\" data-align=\"left\"><a href=\"https:\/\/www.okm.org.pl\/?p=243\" data-type=\"link\" data-id=\"https:\/\/www.okm.org.pl\/?p=243\" target=\"_blank\" rel=\"noreferrer noopener\">XI Zlot Samochod\u00f3w Zabytkowych na Warmii i Mazurach \u2013 \u201eKolej na E\u0142k\u201d. W tym roku zapowiada si\u0119 rekordowa frekwencja, wi\u0119c kto zd\u0105\u017cy\u0142 si\u0119 zapisa\u0107 \u2013 widzimy si\u0119 na Mazurach z szeregiem zaplanowanych atrakcji.<\/a><\/td><\/tr><tr><td class=\"has-text-align-center\" data-align=\"center\"><strong>4-5 lipca (sobota-niedziela)<\/strong><\/td><td class=\"has-text-align-left\" data-align=\"left\">po raz kolejny szykujemy eskapad\u0119 do Fromborka, gdzie oddamy si\u0119 niesamowitemu klimatowi tego s\u0142ynnego miasteczka, zwiedzimy kolejne tajemnice, no i pos\u0142uchamy wirtuoz\u00f3w podczas Mi\u0119dzynarodowego Festiwalu Muzyki Organowej we fromborskiej katedrze (noclegi op\u0142acamy indywidualnie)<\/td><\/tr><tr><td class=\"has-text-align-center\" data-align=\"center\"><strong>19 lipca (niedziela)<\/strong><\/td><td class=\"has-text-align-left\" data-align=\"left\">jedziemy V Kro\u015bnie\u0144ski Zlot Aut Zabytkowych przy Sanktuarium Maryjnym w Kro\u015bnie ko\u0142o Ornety<\/td><\/tr><tr><td class=\"has-text-align-center\" data-align=\"center\"><strong>&nbsp;&nbsp;29-30 sierpnia (sobota-niedziela)<\/strong><\/td><td class=\"has-text-align-left\" data-align=\"left\">IX Rajd Replica &amp; Classic z okazji urodzin Mariana Bublewicza. Wzorem ubieg\u0142orocznej edycji, dwudniowa impreza zaplanowana jest w lokalizacjach: Olsztyn-Orneta-Ostr\u00f3da.<\/td><\/tr><tr><td class=\"has-text-align-center\" data-align=\"center\"><strong>3 pa\u017adziernika (sobota)<\/strong><\/td><td class=\"has-text-align-left\" data-align=\"left\">zako\u0144czenie 15. sezonu Pi\u0119knych Klasyk\u00f3w na Warmii \u2013 tradycyjnie Magazyn Solny przy olszty\u0144skim zamku. Nowo\u015bci\u0105 b\u0119dzie wystawa zdj\u0119\u0107: motoryzacja na dawnych ulicach Olsztyna.<\/td><\/tr><\/tbody><\/table><\/figure>\n\n\n\n\n\n<div class=\"x14z9mp xat24cr x1lziwak x1vvkbs xtlvy1s x126k92a\">\n<div dir=\"auto\">Tegorocznego lata mamy zgod\u0119 na sze\u015b\u0107 <strong>\u015brodowych spotka\u0144 przy Starym Ratusz<\/strong>u (wjazd od ul. Staszica).<br><br><\/div>\n<\/div>\n<div class=\"x14z9mp xat24cr x1lziwak x1vvkbs xtlvy1s x126k92a\">\n<div dir=\"auto\">Poni\u017cej przedstawiamy kr\u00f3tki regulamin, kt\u00f3ry \u2013 mamy nadziej\u0119 \u2013 b\u0119dziemy szanowa\u0107, by cieszy\u0107 si\u0119 kolejnymi spotkaniami na star\u00f3wce. Chcemy tym samym zachowa\u0107 zasady, co do kt\u00f3rych zobligowali\u015bmy si\u0119 sk\u0142adaj\u0105c do ZDZiT wniosek o zgod\u0119 na organizacj\u0119 spotka\u0144.<\/div>\n<\/div>\n<div class=\"x14z9mp xat24cr x1lziwak x1vvkbs xtlvy1s x126k92a\">\n<div dir=\"auto\"><br><strong>Dlatego nie mo\u017cemy:<br><\/strong><\/div>\n<\/div>\n<div class=\"x14z9mp xat24cr x1lziwak x1vvkbs xtlvy1s x126k92a\">\n<div dir=\"auto\">&#8211; parali\u017cowa\u0107 star\u00f3wki<\/div>\n<\/div>\n<div class=\"x14z9mp xat24cr x1lziwak x1vvkbs xtlvy1s x126k92a\">\n<div dir=\"auto\">&#8211; zastawia\u0107 chodnik\u00f3w i ci\u0105g\u00f3w komunikacyjnych<\/div>\n<\/div>\n<div class=\"x14z9mp xat24cr x1lziwak x1vvkbs xtlvy1s x126k92a\">\n<div dir=\"auto\">&#8211; ha\u0142asowa\u0107 silnikami (!)<br><br><\/div>\n<\/div>\n<div class=\"x14z9mp xat24cr x1lziwak x1vvkbs xtlvy1s x126k92a\">\n<div dir=\"auto\">Ale te\u017c \u2013 co wa\u017cne dla atrakcyjno\u015bci samej wystawy &#8211; na star\u00f3wce prezentowane maj\u0105 by\u0107 <strong>wy\u0142\u0105cznie samochody zabytkowe<\/strong>, kt\u00f3rymi zbyt m\u0142ode youngtimery (np. 25-letnie) jeszcze nie s\u0105, chyba \u017ce s\u0105 unikatowymi i niszowymi pojazdami (np. Subaru SVX czy BMW serii 8 ). Zatem zapraszamy <strong>pojazdy zabytkowe, kolekcjonerskie, zachowane w odpowiedniej estetyce i wzbudzaj\u0105ce zainteresowanie,<\/strong> a wed\u0142ug organizator\u00f3w nie s\u0105 to jeszcze popularne Mercedesy W124 czy Audi 80 B3.<\/div>\n<\/div>\n<div class=\"x14z9mp xat24cr x1lziwak x1vvkbs xtlvy1s x126k92a\">\n<div dir=\"auto\"><br>Regulamin uczestnictwa w \u015brodowych spotkaniach OKM na olszty\u0144skiej star\u00f3wce<\/div>\n<\/div>\n<div class=\"x14z9mp xat24cr x1lziwak x1vvkbs xtlvy1s x126k92a\">\n<div dir=\"auto\"><strong>pkt. 1.<\/strong> Organizatorem spotka\u0144 jest Olszty\u0144ski Klub Motorowy im. Mariana Bublewicza.<\/div>\n<\/div>\n<div class=\"x14z9mp xat24cr x1lziwak x1vvkbs xtlvy1s x126k92a\">\n<div dir=\"auto\"><strong>pkt. 2.<\/strong> Spotkania odbywaj\u0105 si\u0119 w godz. 18.00-20.00 w wyznaczone \u015brody 2025 roku:<br><br><\/div>\n<div dir=\"auto\"><strong>\u2013 24 czerwca<\/strong><br><strong>\u2013 8, 22 lipca<\/strong><br><strong>\u2013 5, 19 sierpnia<\/strong><br><strong>\u2013 2 wrze\u015bnia<\/strong><\/div>\n<\/div>\n<div class=\"x14z9mp xat24cr x1lziwak x1vvkbs xtlvy1s x126k92a\">\n<div dir=\"auto\">&nbsp;<\/div>\n<\/div>\n<div class=\"x14z9mp xat24cr x1lziwak x1vvkbs xtlvy1s x126k92a\">\n<div dir=\"auto\"><strong>pkt. 3.<\/strong> W spotkaniach mo\u017ce uczestniczy\u0107 maksymalnie 30 pojazd\u00f3w. Organizator mo\u017ce odm\u00f3wi\u0107 uczestnictwa, je\u015bli liczba samochod\u00f3w przekroczy za\u0142o\u017cony limit.<\/div>\n<\/div>\n<div class=\"x14z9mp xat24cr x1lziwak x1vvkbs xtlvy1s x126k92a\">\n<div dir=\"auto\"><strong>pkt. 4.<\/strong> Pojazd uczestnicz\u0105cy w spotkaniu powinien mie\u0107 w\u0142o\u017cony za szyb\u0119 <strong>identyfikator<\/strong> otrzymany od organizatora na wje\u017adzie.<\/div>\n<\/div>\n<div class=\"x14z9mp xat24cr x1lziwak x1vvkbs xtlvy1s x126k92a\">\n<div dir=\"auto\"><strong>pkt. 5.<\/strong> Zgodnie z otrzymanym ze ZDZiT zezwoleniem, spotkanie przewidziane jest dla <strong>samochod\u00f3w ZABYTKOWYCH.<\/strong> Organizator mo\u017ce odm\u00f3wi\u0107 uczestnictwa w spotkaniu pojazdom, kt\u00f3re s\u0105 zbyt wsp\u00f3\u0142czesne i nie nosz\u0105 znamion pojazdu zabytkowego.<\/div>\n<\/div>\n<div class=\"x14z9mp xat24cr x1lziwak x1vvkbs xtlvy1s x126k92a\">\n<div dir=\"auto\"><strong>Pkt. 6.<\/strong> Pojazdy nie mog\u0105 by\u0107 zaparkowane w miejscach, kt\u00f3re blokuj\u0105 ci\u0105gi komunikacyjne pieszych oraz dost\u0119p do ogr\u00f3dk\u00f3w przy lokalach gastronomicznych.<\/div>\n<\/div>\n<div class=\"x14z9mp xat24cr x1lziwak x1vvkbs xtlvy1s x126k92a\">\n<div dir=\"auto\"><strong>Pkt. 7.<\/strong> Podczas spotkania silniki pojazd\u00f3w musz\u0105 by\u0107 wy\u0142\u0105czone. Niedopuszczalne jest wprowadzanie silnik\u00f3w na obroty i ha\u0142asowanie nimi.<\/div>\n<\/div>\n<div class=\"x14z9mp xat24cr x1lziwak x1vvkbs xtlvy1s x126k92a\">\n<div dir=\"auto\"><strong>Pkt. 8.<\/strong> Pojazdy, z kt\u00f3rych podczas postoju wycieka olej, powinny mie\u0107 pod\u0142o\u017cone pod silnikiem zabezpieczenie przez pozostawieniem plam na brukowanym pod\u0142o\u017cu (np. karton).<\/div>\n<\/div>\n","protected":false},"excerpt":{"rendered":"<p>Zaplanowane wydarzenia na sezon 2026: 25 kwietnia (sobota) Rajd Sonetta \u2013 jedziemy go\u015bcinnie do Szczytna, gdzie b\u0119dzie fina\u0142 Rajdu Sonetta i innych klasycznych Saab\u00f3w. Na placu Juranda b\u0119dzie pokaz elegancji i konkursy. My, z naszymi klasykami, stworzymy stref\u0119 \u201eaut towarzysz\u0105cych\u201d. Przybywamy do Szczytna do godz. 14. koniec godz. 17. 26 kwietnia (niedziela) debiut naszego sezonu&hellip;<\/p>\n","protected":false},"author":1,"featured_media":13964,"parent":0,"menu_order":0,"comment_status":"closed","ping_status":"closed","template":"","meta":{"ngg_post_thumbnail":0,"footnotes":""},"class_list":["post-513","page","type-page","status-publish","has-post-thumbnail","hentry"],"_links":{"self":[{"href":"https:\/\/www.okm.org.pl\/index.php?rest_route=\/wp\/v2\/pages\/513","targetHints":{"allow":["GET"]}}],"collection":[{"href":"https:\/\/www.okm.org.pl\/index.php?rest_route=\/wp\/v2\/pages"}],"about":[{"href":"https:\/\/www.okm.org.pl\/index.php?rest_route=\/wp\/v2\/types\/page"}],"author":[{"embeddable":true,"href":"https:\/\/www.okm.org.pl\/index.php?rest_route=\/wp\/v2\/users\/1"}],"replies":[{"embeddable":true,"href":"https:\/\/www.okm.org.pl\/index.php?rest_route=%2Fwp%2Fv2%2Fcomments&post=513"}],"version-history":[{"count":142,"href":"https:\/\/www.okm.org.pl\/index.php?rest_route=\/wp\/v2\/pages\/513\/revisions"}],"predecessor-version":[{"id":15479,"href":"https:\/\/www.okm.org.pl\/index.php?rest_route=\/wp\/v2\/pages\/513\/revisions\/15479"}],"wp:featuredmedia":[{"embeddable":true,"href":"https:\/\/www.okm.org.pl\/index.php?rest_route=\/wp\/v2\/media\/13964"}],"wp:attachment":[{"href":"https:\/\/www.okm.org.pl\/index.php?rest_route=%2Fwp%2Fv2%2Fmedia&parent=513"}],"curies":[{"name":"wp","href":"https:\/\/api.w.org\/{rel}","templated":true}]}}